{"id":37,"date":"2018-05-31T07:53:18","date_gmt":"2018-05-31T05:53:18","guid":{"rendered":"http:\/\/www.mouclier.com\/?page_id=37"},"modified":"2025-10-07T17:42:52","modified_gmt":"2025-10-07T15:42:52","slug":"lifestyle","status":"publish","type":"page","link":"https:\/\/www.mouclier.com\/index.php\/lifestyle\/","title":{"rendered":"LIFESTYLE"},"content":{"rendered":"<h3 class=\"single-title\"><img decoding=\"async\" loading=\"lazy\" class=\"size-full wp-image-2672 alignleft\" src=\"https:\/\/www.mouclier.com\/wp-content\/uploads\/2024\/01\/LE-GRAND-MAZARIN.jpg\" alt=\"\" width=\"150\" height=\"150\" \/>LE GRAND MAZARIN\u00a0 **<\/h3>\n<p style=\"text-align: justify;\">Nous voil\u00e0 donc au pied du BHV, et si Dionysos, lui-m\u00eame,<br \/>\ndivinit\u00e9 des transgressions et de l\u2019ivresse, nous attirait dans ce lieu, c\u2019est par sa proximit\u00e9 avec notre habitation<\/p>\n<div class=\"wDYxhc\" data-attrid=\"kc:\/location\/location:address\" data-md=\"1002\" data-hveid=\"CDYQAA\" data-ved=\"2ahUKEwjvm_3Q5tCDAxWrSaQEHZwfDo8QkCl6BAg2EAA\">\n<div class=\"Z1hOCe\">\n<div class=\"zloOqf lew4sc PZPZlf\" data-dtype=\"d3ifr\" data-local-attribute=\"d3adr\" data-mid=\"\/g\/11tddls47p\" data-ved=\"2ahUKEwjvm_3Q5tCDAxWrSaQEHZwfDo8QghwoAHoECDYQAQ\">\n<p><span class=\"w8qArf\"><a class=\"fl\" href=\"https:\/\/www.google.com\/search?sa=X&amp;sca_esv=596939601&amp;bih=722&amp;biw=1579&amp;rlz=1C1ONGR_frFR971FR971&amp;hl=fr&amp;sxsrf=ACQVn09AW9W7FmQCZ7DliSa2aK9B4dhtlQ:1704820329168&amp;q=h%C3%B4tel+le+grand+mazarin+adresse&amp;ludocid=10018003083236830328&amp;ved=2ahUKEwjvm_3Q5tCDAxWrSaQEHZwfDo8Q6BN6BAg2EAI\" data-ved=\"2ahUKEwjvm_3Q5tCDAxWrSaQEHZwfDo8Q6BN6BAg2EAI\">Adresse<\/a>\u00a0:\u00a0<\/span><span class=\"LrzXr\">17 Rue de la Verrerie, 75004 Paris<br \/>\n<\/span><span class=\"w8qArf\">T\u00e9l\u00e9phone\u00a0:\u00a0<\/span><span class=\"LrzXr zdqRlf kno-fv\"><a href=\"https:\/\/www.google.com\/search?q=LE+GRAND+MAZARIN&amp;source=lmns&amp;bih=722&amp;biw=1579&amp;rlz=1C1ONGR_frFR971FR971&amp;hl=fr&amp;sa=X&amp;ved=2ahUKEwjI_LiA5tCDAxXPsScCHfNBCN0Q0pQJKAB6BAgBEAI#\" data-dtype=\"d3ph\" data-local-attribute=\"d3ph\" data-ved=\"2ahUKEwjvm_3Q5tCDAxWrSaQEHZwfDo8QkAgoAHoECDQQAg\"><span aria-label=\"Appeler le 01 83 64 00 65\">01 83 64 00 65<\/span><\/a><\/span><\/p>\n<\/div>\n<\/div>\n<\/div>\n<p style=\"text-align: justify;\"><strong><img decoding=\"async\" loading=\"lazy\" class=\"size-full wp-image-33298 alignleft\" src=\"http:\/\/www.canal-luxe.org\/wp-content\/uploads\/CONTOIRGOURMET150.jpg\" alt=\"CONTOIRGOURMET150\" width=\"150\" height=\"150\" \/>COMPTOIR GOURMET ****<\/strong><\/p>\n<p style=\"text-align: justify;\">If you want to eat a Real Italien products\u00a0in Paris, go to Comptoir Gourmet. I highly apreciated the menu\u00a070 \u20ac for 2 personnes, not a big deal.<\/p>\n<div>51 rue du Temple 75004 Paris<br \/>\nT\u00e9l : +33 (0)1 84 17 24 07<\/div>\n<div>Subway\u00a0: Ligne 1 \u2013 \u00a0H\u00f4tel de Ville<\/div>\n<div><span style=\"color: #ffffff;\">.<\/span><\/div>\n<p style=\"text-align: justify;\"><img decoding=\"async\" loading=\"lazy\" class=\" size-full wp-image-29689 alignleft\" style=\"border: 5px solid white;\" src=\"http:\/\/www.canal-luxe.org\/wp-content\/uploads\/Poulette.jpg\" alt=\"Poulette\" width=\"150\" height=\"150\" \/><\/p>\n<p style=\"text-align: justify;\">\u00a0<strong>POULETTE ***<br \/>\n<\/strong><\/p>\n<p style=\"text-align: justify;\">It is in the trendy district of Paris Etienne Marcel, the Poulette restaurant opened. People come to enjoy the place\u00a0classified &lsquo;Art Nouveau&rsquo;. The food is very good, the ambiance is very casual and Parisian. The true French touch.<br \/>\n3 rue Etienne Marcel 75001 Paris<br \/>\n<span style=\"line-height: 1.5;\">+33 (0)9 53 62 89 17<\/span><\/p>\n<p>&nbsp;<\/p>\n<p style=\"text-align: justify;\"><img decoding=\"async\" loading=\"lazy\" class=\"alignleft wp-image-28002\" style=\"border: 5px solid white;\" src=\"http:\/\/www.canal-luxe.org\/wp-content\/uploads\/RESTOt.jpg\" alt=\"RESTOt\" width=\"150\" height=\"150\" \/><\/p>\n<p style=\"text-align: justify;\"><strong>ECLECTIC ****<\/strong><\/p>\n<p>The British designer interior,\u00a0Tom Dixon, designed Paris restaurant \u00c9clectic where he combines raw, industrial concrete surfaces with tactile brass, marble and leather details. The restaurant is located in front of the Beaugrenelle Center.<br \/>\n2 Rue Linois, 75015 Paris<br \/>\n01 77 36 70 00<br \/>\n<span style=\"color: #ffffff;\">.<\/span><\/p>\n<p style=\"text-align: justify;\"><strong><img decoding=\"async\" loading=\"lazy\" class=\"alignleft wp-image-27665\" style=\"border: 5px solid white;\" src=\"http:\/\/www.canal-luxe.org\/wp-content\/uploads\/jaja.jpg\" alt=\"jaja\" width=\"150\" height=\"150\" \/><\/strong><\/p>\n<p style=\"text-align: justify;\"><strong>LE JAJA ****<\/strong><\/p>\n<p style=\"text-align: justify;\">The Jaja is a little restaurant in the Marais&#8230;\u00a0Very nice, very Parisian and very trendy, \u00a0everybody speaks English, and you can meet G\u00e9rard Depardieu and\u00a0B\u00e9r\u00e9nice Bejo, Lucky guy !!!<br \/>\n3 rue Sainte Croix de la Bretonni\u00e8re<br \/>\n75004 Paris<br \/>\nMarais, 4\u00e8meTel :\u00a001 42 74 71 52<\/p>\n<p style=\"text-align: justify;\"><img decoding=\"async\" loading=\"lazy\" class=\"alignleft size-full wp-image-24221\" style=\"border: 5px solid white;\" title=\"pirouette2\" src=\"http:\/\/www.canal-luxe.org\/wp-content\/uploads\/pirouette2.jpg\" alt=\"\" width=\"150\" height=\"150\" \/><\/p>\n<p style=\"text-align: justify;\"><strong>PIROUETTE<\/strong> *****<\/p>\n<p style=\"text-align: justify;\">Les Halles in the 1st arrondissement, the stage set for the meal is immediately promising, so shiny new behind its huge plate glass window that the first thing you notice as you walk in is the fresh smell of the wood pannelling. A round of applause for the chef (Tommy Gousset, the city\u2019s best kitchens), the excellent wine list, and the company overall for an elegant, affordable whole.<br \/>\n5 rue Mond\u00e9tour Paris\u00a01er Tel :\u00a001.40.26.47.81<\/p>\n<p style=\"text-align: justify;\" data-ft=\"{&quot;tn&quot;:&quot;B&quot;,&quot;type&quot;:1}\"><img decoding=\"async\" loading=\"lazy\" class=\"alignleft size-full wp-image-23592\" style=\"border: 5px solid WHITE;\" title=\"NOLITA\" src=\"http:\/\/www.canal-luxe.org\/wp-content\/uploads\/NOLITA.jpg\" alt=\"\" width=\"150\" height=\"150\" \/><\/p>\n<p style=\"text-align: justify;\" data-ft=\"{&quot;tn&quot;:&quot;B&quot;,&quot;type&quot;:1}\"><strong>Fiat Caff\u00e9<\/strong>\u00a0****<\/p>\n<p>Paris next to the Champs-Elys\u00e9es &#8211; It is a very nice Italian restaurant &#8211; a Patio and a room on the second floor, air conditioned , valet parking. Very nice ambiance. Good food &amp; good design.<br \/>\n1 Avenue Matignon<br \/>\nParis 75008<br \/>\nTel : 01 53 75 78 78<\/p>\n<p><img decoding=\"async\" loading=\"lazy\" class=\"alignleft size-full wp-image-22749\" style=\"border: 5px solid white;\" title=\"monjul2\" src=\"http:\/\/www.canal-luxe.org\/wp-content\/uploads\/monjul2.jpg\" alt=\"\" width=\"150\" height=\"150\" \/><\/p>\n<p><strong>MONJUL<strong>****<strong>**<\/strong><\/strong><\/strong><br \/>\nParis downtown closed to Notre Dame is a very nice restaurant ( Very French \u00a0and very good food)<br \/>\nNo more comment you have to go. One word, it is FABULOUS&#8230;.<br \/>\n28, rue ( clos ) des blancs manteaux<br \/>\n75004 Paris<\/p>\n<p style=\"text-align: justify;\" data-ft=\"{&quot;tn&quot;:&quot;B&quot;,&quot;type&quot;:1}\">Tel : 01 42 74 40 15<\/p>\n<p style=\"text-align: justify;\"><img decoding=\"async\" loading=\"lazy\" class=\"alignleft size-thumbnail wp-image-17417\" style=\"border: 3px solid white;\" title=\"Frenchie2\" src=\"http:\/\/www.canal-luxe.org\/wp-content\/uploads\/2011\/04\/Frenchie2-150x150.jpg\" alt=\"\" width=\"150\" height=\"150\" \/><\/p>\n<p style=\"text-align: justify;\"><strong>The Frenchie ******<\/strong><\/p>\n<div>Very nice, very Parisian and very trendy, \u00a0by the way, everybody speaks English<\/div>\n<div><span style=\"text-align: justify;\">5-6 rue \u00a0du Nil,<br \/>\nParis 75002<br \/>\n<\/span>T\u00e9l. : +33 (0)1.40.39.96.19<br \/>\nM\u00e9tro 3 : Sentier<\/div>\n<div>\n<p><span style=\"color: #ffffff;\">.<\/span><\/p>\n<\/div>\n<p style=\"text-align: justify;\"><strong><img decoding=\"async\" loading=\"lazy\" class=\"alignleft size-thumbnail wp-image-15740\" style=\"border: 5px solid white;\" title=\"Beef Club Restaurant, Paris, France\" src=\"http:\/\/www.canal-luxe.org\/wp-content\/uploads\/2011\/04\/beef-150x150.jpg\" alt=\"\" width=\"150\" height=\"150\" \/><\/strong><\/p>\n<p style=\"text-align: justify;\"><strong>The Beef Club<\/strong>\u00a0****** is a new opening in the heart of Paris (1st district). The owners are the same as three famous cocktail bars in Paris (Experimental Cocktail Club, Prescription, Curio Parlor).<\/p>\n<p style=\"text-align: justify;\">The speciality is the English beef imported from Tim Wilson (Yorkshire) by the renowned butcher Yves-Marie Le Bourdonec. I recommend this place. Price: around 65\u20ac without wine.<br \/>\n58 Rue Jean-Jacques Rousseau 75001 Paris<\/p>\n<p>&nbsp;<\/p>\n<p style=\"text-align: justify;\"><img decoding=\"async\" loading=\"lazy\" class=\"alignleft size-thumbnail wp-image-10819\" style=\"border-image: initial; border: 8px solid white;\" title=\"insoumis\" src=\"http:\/\/www.canal-luxe.org\/wp-content\/uploads\/2011\/04\/insoumis-150x150.jpg\" alt=\"\" width=\"150\" height=\"150\" \/><\/p>\n<p><strong><br \/>\nL&rsquo;INSOUMIS<\/strong> ******<\/p>\n<p>A very nice French Bistros in Paris &#8211; Champagne and Wine Bar. Something different in this place maybe the welcoming.<br \/>\nL&rsquo;insoumis &#8211; 22 Rue des Capucines,75001 Paris<br \/>\nNo reservation, Close at night.<br \/>\n27\u20ac Appetizer-Main or-dessert<\/p>\n<p><strong><strong><img decoding=\"async\" loading=\"lazy\" class=\"alignleft size-thumbnail wp-image-6930\" style=\"border: white 8px solid;\" title=\"lapetitemaison\" src=\"http:\/\/www.canal-luxe.org\/wp-content\/uploads\/2011\/04\/lapetitemaison-150x150.jpg\" alt=\"\" width=\"150\" height=\"150\" \/><\/strong><\/strong><strong>The Arts Club&rsquo;s<br \/>\n<\/strong>&lsquo;New restaurant&rsquo;.<br \/>\nThe club&rsquo;s new restaurant will headed up by La Petite Maison&rsquo;s Raphael Duntoye and will offer breakfast, lunch and dinner &#8211; all with an emphasis on seasonal produce.The Arts Club,<br \/>\n40 Dover Street,<br \/>\nLondon W1S 4NP<\/p>\n<p><span style=\"color: #ffffff;\">.<\/span><\/p>\n<p><strong><img decoding=\"async\" loading=\"lazy\" class=\"alignleft size-thumbnail wp-image-3078\" style=\"border: white 8px solid;\" title=\"cosi\" src=\"http:\/\/www.canal-luxe.org\/wp-content\/uploads\/2011\/04\/cosi-150x150.jpg\" alt=\"\" width=\"150\" height=\"150\" \/><\/strong><\/p>\n<p><strong>\u00a0<\/strong><strong>Le Corsi<\/strong><\/p>\n<p>Very Freindly food from Corsica<br \/>\n9 rue CUJAS &#8211;<\/p>\n<p>75005 PARIS<br \/>\nTEL: 01 43 29 20 20<br \/>\nInternet : <a href=\"http:\/\/www.le-cosi.com\/\" target=\"_blank\" rel=\"noopener noreferrer\">http:\/\/www.le-cosi.com\/<\/a><\/p>\n<p><img decoding=\"async\" loading=\"lazy\" class=\"alignleft size-thumbnail wp-image-2770\" style=\"border: white 8px solid;\" title=\"Kong\" src=\"http:\/\/www.canal-luxe.org\/wp-content\/uploads\/2011\/04\/Kong-150x150.jpg\" alt=\"\" width=\"150\" height=\"150\" \/><\/p>\n<p><strong><br \/>\nThe Kong<\/strong><br \/>\nNot King Completely Kong<br \/>\n1 Rue du Pont Neuf, 75001 Paris, France<br \/>\n+33 1 40 39 09 00<br \/>\nMetros les Halles<\/p>\n<p>Services good,\u00a0Nice View Anyway.<\/p>\n<p><img decoding=\"async\" loading=\"lazy\" class=\"size-thumbnail wp-image-2747 alignleft\" style=\"border: white 8px solid;\" title=\"restaurant\" src=\"http:\/\/www.canal-luxe.org\/wp-content\/uploads\/2011\/04\/restaurant-150x150.jpg\" alt=\"\" width=\"150\" height=\"150\" \/><strong>Hyatt Regency Paris<\/strong><br \/>\nIn\u00a0Paris center. On\u00a0typically Parisian shopping district,\u00a0good services,good ambiance, food regular for french restaurant.\u00a0Expensive 200 \u20ac for 2 people, wine included.<\/p>\n<p>24 Boulevard Malesherbes, 75008,<br \/>\nParis, France 75008<br \/>\nTel: +33 1 5527 1234\u00a0\u00a0\u00a0 Fax: +33 1 5527 1235<br \/>\nEmail: <a href=\"mailto:paris.madeleine@hyatt.com\">paris.madeleine@hyatt.com<\/a>.<\/p>\n<div>\n<div>\n<div>\n<div>\n<div>\n<p><strong><img decoding=\"async\" loading=\"lazy\" class=\"size-thumbnail wp-image-892 alignleft\" style=\"border: white 8px solid;\" title=\"restodesgars\" src=\"http:\/\/www.canal-luxe.org\/wp-content\/uploads\/2011\/04\/restodesgars-150x150.jpg\" alt=\"\" width=\"150\" height=\"150\" \/>Des gars dans la Cuisine<br \/>\n<\/strong>Luxuriated in an amazing experience on Sunday. A fantastic evening for everyone in my party. Thank you!<\/p>\n<\/div>\n<p>72 rue Vieille du Temple<br \/>\n75003 PARIS<br \/>\n01 42 74 88 26<\/p>\n<p>.<\/p>\n<\/div>\n<\/div>\n<\/div>\n<\/div>\n","protected":false},"excerpt":{"rendered":"<p>LE GRAND MAZARIN\u00a0 ** Nous voil\u00e0 donc au pied du BHV, et si Dionysos, lui-m\u00eame, divinit\u00e9 des transgressions et de l\u2019ivresse, nous attirait dans ce lieu, c\u2019est par sa proximit\u00e9 [&hellip;]<\/p>\n","protected":false},"author":1,"featured_media":0,"parent":0,"menu_order":0,"comment_status":"closed","ping_status":"closed","template":"","meta":[],"_links":{"self":[{"href":"https:\/\/www.mouclier.com\/index.php\/wp-json\/wp\/v2\/pages\/37"}],"collection":[{"href":"https:\/\/www.mouclier.com\/index.php\/wp-json\/wp\/v2\/pages"}],"about":[{"href":"https:\/\/www.mouclier.com\/index.php\/wp-json\/wp\/v2\/types\/page"}],"author":[{"embeddable":true,"href":"https:\/\/www.mouclier.com\/index.php\/wp-json\/wp\/v2\/users\/1"}],"replies":[{"embeddable":true,"href":"https:\/\/www.mouclier.com\/index.php\/wp-json\/wp\/v2\/comments?post=37"}],"version-history":[{"count":20,"href":"https:\/\/www.mouclier.com\/index.php\/wp-json\/wp\/v2\/pages\/37\/revisions"}],"predecessor-version":[{"id":9278,"href":"https:\/\/www.mouclier.com\/index.php\/wp-json\/wp\/v2\/pages\/37\/revisions\/9278"}],"wp:attachment":[{"href":"https:\/\/www.mouclier.com\/index.php\/wp-json\/wp\/v2\/media?parent=37"}],"curies":[{"name":"wp","href":"https:\/\/api.w.org\/{rel}","templated":true}]}}